{"id":83,"date":"2025-02-23T12:28:30","date_gmt":"2025-02-23T12:28:30","guid":{"rendered":"https:\/\/frostina.rs\/?page_id=83"},"modified":"2025-05-21T14:53:08","modified_gmt":"2025-05-21T14:53:08","slug":"contact","status":"publish","type":"page","link":"https:\/\/frostina.rs\/en\/contact\/","title":{"rendered":"Contact us"},"content":{"rendered":"<div data-elementor-type=\"wp-post\" data-elementor-id=\"83\" class=\"elementor elementor-83\" data-elementor-post-type=\"page\">\n\t\t\t\t<div class=\"elementor-element elementor-element-2da3c5c e-flex e-con-boxed e-con e-parent\" data-id=\"2da3c5c\" data-element_type=\"container\" data-settings=\"{&quot;background_background&quot;:&quot;slideshow&quot;,&quot;shape_divider_bottom&quot;:&quot;waves&quot;,&quot;background_slideshow_gallery&quot;:[{&quot;id&quot;:441,&quot;url&quot;:&quot;https:\\\/\\\/frostina.rs\\\/wp-content\\\/uploads\\\/2025\\\/03\\\/1000008023-scaled.jpg&quot;}],&quot;background_slideshow_loop&quot;:&quot;yes&quot;,&quot;background_slideshow_slide_duration&quot;:5000,&quot;background_slideshow_slide_transition&quot;:&quot;fade&quot;,&quot;background_slideshow_transition_duration&quot;:500}\">\n\t\t\t\t\t<div class=\"e-con-inner\">\n\t\t\t\t<div class=\"elementor-shape elementor-shape-bottom\" aria-hidden=\"true\" data-negative=\"false\">\n\t\t\t<svg xmlns=\"http:\/\/www.w3.org\/2000\/svg\" viewbox=\"0 0 1000 100\" preserveaspectratio=\"none\">\n\t<path class=\"elementor-shape-fill\" d=\"M421.9,6.5c22.6-2.5,51.5,0.4,75.5,5.3c23.6,4.9,70.9,23.5,100.5,35.7c75.8,32.2,133.7,44.5,192.6,49.7\tc23.6,2.1,48.7,3.5,103.4-2.5c54.7-6,106.2-25.6,106.2-25.6V0H0v30.3c0,0,72,32.6,158.4,30.5c39.2-0.7,92.8-6.7,134-22.4\tc21.2-8.1,52.2-18.2,79.7-24.2C399.3,7.9,411.6,7.5,421.9,6.5z\"\/>\n<\/svg>\t\t<\/div>\n\t\t\t\t<div class=\"elementor-element elementor-element-7b4b72f elementor-widget elementor-widget-icon-box\" data-id=\"7b4b72f\" data-element_type=\"widget\" data-widget_type=\"icon-box.default\">\n\t\t\t\t<div class=\"elementor-widget-container\">\n\t\t\t\t\t\t\t<div class=\"elementor-icon-box-wrapper\">\n\n\t\t\t\n\t\t\t\t\t\t<div class=\"elementor-icon-box-content\">\n\n\t\t\t\t\t\t\t\t\t<h1 class=\"elementor-icon-box-title\">\n\t\t\t\t\t\t<span  >\n\t\t\t\t\t\t\t<strong data-start=\"120\" data-end=\"163\">Do you have a question or want to collaborate?<\/strong>\t\t\t\t\t\t<\/span>\n\t\t\t\t\t<\/h1>\n\t\t\t\t\n\t\t\t\t\t\t\t\t\t<p class=\"elementor-icon-box-description\">\n\t\t\t\t\t\tWe are here to provide you with fast and reliable support.\t\t\t\t\t<\/p>\n\t\t\t\t\n\t\t\t<\/div>\n\t\t\t\n\t\t<\/div>\n\t\t\t\t\t\t<\/div>\n\t\t\t\t<\/div>\n\t\t<div class=\"elementor-element elementor-element-5329bc0 e-con-full e-flex e-con e-child\" data-id=\"5329bc0\" data-element_type=\"container\">\n\t\t\t\t<\/div>\n\t\t\t\t\t<\/div>\n\t\t\t\t<\/div>\n\t\t<div class=\"elementor-element elementor-element-9834572 e-flex e-con-boxed e-con e-parent\" data-id=\"9834572\" data-element_type=\"container\">\n\t\t\t\t\t<div class=\"e-con-inner\">\n\t\t\t\t<div class=\"elementor-element elementor-element-a0491a2 elementor-widget elementor-widget-heading\" data-id=\"a0491a2\" data-element_type=\"widget\" data-widget_type=\"heading.default\">\n\t\t\t\t<div class=\"elementor-widget-container\">\n\t\t\t\t\t<h2 class=\"elementor-heading-title elementor-size-default\">FROSTINA DOO<\/h2>\t\t\t\t<\/div>\n\t\t\t\t<\/div>\n\t\t<div class=\"elementor-element elementor-element-73523db e-con-full e-flex e-con e-child\" data-id=\"73523db\" data-element_type=\"container\">\n\t\t\t\t<div class=\"elementor-element elementor-element-64ea787 elementor-widget elementor-widget-google_maps\" data-id=\"64ea787\" data-element_type=\"widget\" data-widget_type=\"google_maps.default\">\n\t\t\t\t<div class=\"elementor-widget-container\">\n\t\t\t\t\t\t\t<div class=\"elementor-custom-embed\">\n\t\t\t<iframe loading=\"lazy\"\n\t\t\t\t\tsrc=\"https:\/\/maps.google.com\/maps?q=Vladimira%20Tomanovica%2037&#038;t=m&#038;z=12&#038;output=embed&#038;iwloc=near\"\n\t\t\t\t\ttitle=\"Vladimira Tomanovica 37\"\n\t\t\t\t\taria-label=\"Vladimira Tomanovica 37\"\n\t\t\t><\/iframe>\n\t\t<\/div>\n\t\t\t\t\t\t<\/div>\n\t\t\t\t<\/div>\n\t\t\t\t<\/div>\n\t\t\t\t<div class=\"elementor-element elementor-element-b387587 elementor-widget elementor-widget-text-editor\" data-id=\"b387587\" data-element_type=\"widget\" data-widget_type=\"text-editor.default\">\n\t\t\t\t<div class=\"elementor-widget-container\">\n\t\t\t\t\t\t\t\t\t<h5><strong>Address<\/strong>:<a href=\"https:\/\/www.google.com\/maps\/place\/Vladimira+Tomanovi%C4%87a+37,+Beograd\/data=!4m2!3m1!1s0x475a708db66cd923:0xa29dd258d24668a5?sa=X&amp;ved=1t:242&amp;ictx=111\"> Vladimira Tomanovi\u0107a 37<\/a>, 11010, Beograd, Srbija<\/h5><h5><strong>Phone No:<\/strong>: +381 61 6560810, +381 600895070<\/h5><h5><strong>Email<\/strong>: <span \n                data-original-string='d5\/iRiwbQ6\/MnNuSjSOofA==ec3rbqRSElKexdKG+\/ew2Z+5RqlqTtoYCfAL8iQ6oQUVEo='\n                class='apbct-email-encoder'\n                title='This contact has been encoded by Anti-Spam by CleanTalk. Click to decode. To finish the decoding make sure that JavaScript is enabled in your browser.'>of<span class=\"apbct-blur\">****<\/span>@<span class=\"apbct-blur\">******<\/span>na.rs<\/span><\/h5><h5><strong>Website<\/strong>:<a href=\"https:\/\/frostina.rs\/en\/\"> www.frostina.rs<\/a><\/h5>\t\t\t\t\t\t\t\t<\/div>\n\t\t\t\t<\/div>\n\t\t\t\t\t<\/div>\n\t\t\t\t<\/div>\n\t\t<div class=\"elementor-element elementor-element-85bc4d6 e-flex e-con-boxed e-con e-parent\" data-id=\"85bc4d6\" data-element_type=\"container\">\n\t\t\t\t\t<div class=\"e-con-inner\">\n\t\t<div class=\"elementor-element elementor-element-c496774 e-con-full e-flex e-con e-child\" data-id=\"c496774\" data-element_type=\"container\">\n\t\t\t\t<div class=\"elementor-element elementor-element-419ea4c elementor-widget elementor-widget-heading\" data-id=\"419ea4c\" data-element_type=\"widget\" data-widget_type=\"heading.default\">\n\t\t\t\t<div class=\"elementor-widget-container\">\n\t\t\t\t\t<h2 class=\"elementor-heading-title elementor-size-default\">Contact us<\/h2>\t\t\t\t<\/div>\n\t\t\t\t<\/div>\n\t\t\t\t<div class=\"elementor-element elementor-element-0cae48b elementor-button-align-stretch elementor-widget elementor-widget-form\" data-id=\"0cae48b\" data-element_type=\"widget\" data-settings=\"{&quot;button_width&quot;:&quot;33&quot;,&quot;step_next_label&quot;:&quot;Next&quot;,&quot;step_previous_label&quot;:&quot;Previous&quot;,&quot;step_type&quot;:&quot;number_text&quot;,&quot;step_icon_shape&quot;:&quot;circle&quot;}\" data-widget_type=\"form.default\">\n\t\t\t\t<div class=\"elementor-widget-container\">\n\t\t\t\t\t\t\t<form class=\"elementor-form\" method=\"post\" name=\"New Form\" action=\"\">\n\t\t\t<input type=\"hidden\" name=\"post_id\" value=\"83\"\/>\n\t\t\t<input type=\"hidden\" name=\"form_id\" value=\"0cae48b\"\/>\n\t\t\t<input type=\"hidden\" name=\"referer_title\" value=\"Kontakt - Frostina - Smrznuto voce i povrce\" \/>\n\n\t\t\t\t\t\t\t<input type=\"hidden\" name=\"queried_id\" value=\"83\"\/>\n\t\t\t\n\t\t\t<div class=\"elementor-form-fields-wrapper elementor-labels-above\">\n\t\t\t\t\t\t\t\t<div class=\"elementor-field-type-text elementor-field-group elementor-column elementor-field-group-name elementor-col-100\">\n\t\t\t\t\t\t\t\t\t\t\t\t<label for=\"form-field-name\" class=\"elementor-field-label\">\n\t\t\t\t\t\t\t\tName\t\t\t\t\t\t\t<\/label>\n\t\t\t\t\t\t\t\t\t\t\t\t\t\t<input size=\"1\" type=\"text\" name=\"form_fields[name]\" id=\"form-field-name\" class=\"elementor-field elementor-size-sm  elementor-field-textual\" placeholder=\"Name\">\n\t\t\t\t\t\t\t\t\t\t\t<\/div>\n\t\t\t\t\t\t\t\t<div class=\"elementor-field-type-email elementor-field-group elementor-column elementor-field-group-email elementor-col-100 elementor-field-required elementor-mark-required\">\n\t\t\t\t\t\t\t\t\t\t\t\t<label for=\"form-field-email\" class=\"elementor-field-label\">\n\t\t\t\t\t\t\t\tEmail\t\t\t\t\t\t\t<\/label>\n\t\t\t\t\t\t\t\t\t\t\t\t\t\t<input size=\"1\" type=\"email\" name=\"form_fields[email]\" id=\"form-field-email\" class=\"elementor-field elementor-size-sm  elementor-field-textual\" placeholder=\"Email\" required=\"required\">\n\t\t\t\t\t\t\t\t\t\t\t<\/div>\n\t\t\t\t\t\t\t\t<div class=\"elementor-field-type-textarea elementor-field-group elementor-column elementor-field-group-message elementor-col-100\">\n\t\t\t\t\t\t\t\t\t\t\t\t<label for=\"form-field-message\" class=\"elementor-field-label\">\n\t\t\t\t\t\t\t\tMessage\t\t\t\t\t\t\t<\/label>\n\t\t\t\t\t\t<textarea class=\"elementor-field-textual elementor-field  elementor-size-sm\" name=\"form_fields[message]\" id=\"form-field-message\" rows=\"4\" placeholder=\"Message\"><\/textarea>\t\t\t\t<\/div>\n\t\t\t\t\t\t\t\t<div class=\"elementor-field-group elementor-column elementor-field-type-submit elementor-col-33 e-form__buttons\">\n\t\t\t\t\t<button class=\"elementor-button elementor-size-md\" type=\"submit\" id=\"Po\u0161alji1\">\n\t\t\t\t\t\t<span class=\"elementor-button-content-wrapper\">\n\t\t\t\t\t\t\t\t\t\t\t\t\t\t\t\t\t\t\t\t\t\t<span class=\"elementor-button-text\">Send<\/span>\n\t\t\t\t\t\t\t\t\t\t\t\t\t<\/span>\n\t\t\t\t\t<\/button>\n\t\t\t\t<\/div>\n\t\t\t<\/div>\n\t\t<label id=\"apbct_label_id_27900\" class=\"apbct_special_field\"><input\n                    class=\"apbct_special_field apbct__email_id__elementor_form\"\n                    name=\"apbct_email_id__elementor_form\"\n                    type=\"text\" size=\"30\" maxlength=\"200\" autocomplete=\"off\"\n                    value=\"\"\n                \/><\/label><input type=\"hidden\" name=\"trp-form-language\" value=\"en\"\/><\/form>\n\t\t\t\t\t\t<\/div>\n\t\t\t\t<\/div>\n\t\t\t\t<\/div>\n\t\t\t\t\t<\/div>\n\t\t\t\t<\/div>\n\t\t\t\t<\/div>","protected":false},"excerpt":{"rendered":"<p>Imate pitanje ili \u017eelite da sara\u0111ujemo? Tu smo da vam pru\u017eimo brzu i pouzdanu podr\u0161ku. FROSTINA DOO Adresa: Vladimira Tomanovi\u0107a 37, 11010, Beograd, Srbija Tel: +381 61 6560810, +381 600895070 Email: of****@******na.rs Web stranica: www.frostina.rs Kontaktirajte nas<\/p>","protected":false},"author":1,"featured_media":0,"parent":0,"menu_order":0,"comment_status":"closed","ping_status":"closed","template":"","meta":{"footnotes":""},"class_list":["post-83","page","type-page","status-publish","hentry"],"yoast_head":"<!-- This site is optimized with the Yoast SEO plugin v25.1 - https:\/\/yoast.com\/wordpress\/plugins\/seo\/ -->\n<title>Kontakt - Frostina - Smrznuto voce i povrce<\/title>\n<meta name=\"robots\" content=\"index, follow, max-snippet:-1, max-image-preview:large, max-video-preview:-1\" \/>\n<link rel=\"canonical\" href=\"https:\/\/frostina.rs\/en\/contact\/\" \/>\n<meta property=\"og:locale\" content=\"en_GB\" \/>\n<meta property=\"og:type\" content=\"article\" \/>\n<meta property=\"og:title\" content=\"Kontakt - Frostina - Smrznuto voce i povrce\" \/>\n<meta property=\"og:description\" content=\"Imate pitanje ili \u017eelite da sara\u0111ujemo? Tu smo da vam pru\u017eimo brzu i pouzdanu podr\u0161ku. FROSTINA DOO Adresa: Vladimira Tomanovi\u0107a 37, 11010, Beograd, Srbija Tel: +381 61 6560810, +381 600895070 Email: of****@******na.rs Web stranica: www.frostina.rs Kontaktirajte nas\" \/>\n<meta property=\"og:url\" content=\"https:\/\/frostina.rs\/en\/contact\/\" \/>\n<meta property=\"og:site_name\" content=\"Frostina - Smrznuto voce i povrce\" \/>\n<meta property=\"article:modified_time\" content=\"2025-05-21T14:53:08+00:00\" \/>\n<meta name=\"twitter:card\" content=\"summary_large_image\" \/>\n<meta name=\"twitter:label1\" content=\"Estimated reading time\" \/>\n\t<meta name=\"twitter:data1\" content=\"1 minute\" \/>\n<script type=\"application\/ld+json\" class=\"yoast-schema-graph\">{\"@context\":\"https:\/\/schema.org\",\"@graph\":[{\"@type\":\"WebPage\",\"@id\":\"https:\/\/frostina.rs\/contact\/\",\"url\":\"https:\/\/frostina.rs\/contact\/\",\"name\":\"Kontakt - Frostina - Smrznuto voce i povrce\",\"isPartOf\":{\"@id\":\"https:\/\/frostina.rs\/#website\"},\"datePublished\":\"2025-02-23T12:28:30+00:00\",\"dateModified\":\"2025-05-21T14:53:08+00:00\",\"breadcrumb\":{\"@id\":\"https:\/\/frostina.rs\/contact\/#breadcrumb\"},\"inLanguage\":\"en-GB\",\"potentialAction\":[{\"@type\":\"ReadAction\",\"target\":[\"https:\/\/frostina.rs\/contact\/\"]}]},{\"@type\":\"BreadcrumbList\",\"@id\":\"https:\/\/frostina.rs\/contact\/#breadcrumb\",\"itemListElement\":[{\"@type\":\"ListItem\",\"position\":1,\"name\":\"Home\",\"item\":\"https:\/\/frostina.rs\/\"},{\"@type\":\"ListItem\",\"position\":2,\"name\":\"Kontakt\"}]},{\"@type\":\"WebSite\",\"@id\":\"https:\/\/frostina.rs\/#website\",\"url\":\"https:\/\/frostina.rs\/\",\"name\":\"Frostina - Smrznuto voce i povrce\",\"description\":\"Frostina - Smrznuto voce i povrce prodaja\",\"publisher\":{\"@id\":\"https:\/\/frostina.rs\/#organization\"},\"potentialAction\":[{\"@type\":\"SearchAction\",\"target\":{\"@type\":\"EntryPoint\",\"urlTemplate\":\"https:\/\/frostina.rs\/?s={search_term_string}\"},\"query-input\":{\"@type\":\"PropertyValueSpecification\",\"valueRequired\":true,\"valueName\":\"search_term_string\"}}],\"inLanguage\":\"en-GB\"},{\"@type\":\"Organization\",\"@id\":\"https:\/\/frostina.rs\/#organization\",\"name\":\"Frostina - Smrznuto voce i povrce\",\"url\":\"https:\/\/frostina.rs\/\",\"logo\":{\"@type\":\"ImageObject\",\"inLanguage\":\"en-GB\",\"@id\":\"https:\/\/frostina.rs\/#\/schema\/logo\/image\/\",\"url\":\"https:\/\/frostina.rs\/wp-content\/uploads\/2025\/02\/Pravugaonik-zeleni.png\",\"contentUrl\":\"https:\/\/frostina.rs\/wp-content\/uploads\/2025\/02\/Pravugaonik-zeleni.png\",\"width\":5985,\"height\":1537,\"caption\":\"Frostina - Smrznuto voce i povrce\"},\"image\":{\"@id\":\"https:\/\/frostina.rs\/#\/schema\/logo\/image\/\"}}]}<\/script>\n<!-- \/ Yoast SEO plugin. -->","yoast_head_json":{"title":"Kontakt - Frostina - Smrznuto voce i povrce","robots":{"index":"index","follow":"follow","max-snippet":"max-snippet:-1","max-image-preview":"max-image-preview:large","max-video-preview":"max-video-preview:-1"},"canonical":"https:\/\/frostina.rs\/en\/contact\/","og_locale":"en_GB","og_type":"article","og_title":"Kontakt - Frostina - Smrznuto voce i povrce","og_description":"Imate pitanje ili \u017eelite da sara\u0111ujemo? Tu smo da vam pru\u017eimo brzu i pouzdanu podr\u0161ku. FROSTINA DOO Adresa: Vladimira Tomanovi\u0107a 37, 11010, Beograd, Srbija Tel: +381 61 6560810, +381 600895070 Email: of****@******na.rs Web stranica: www.frostina.rs Kontaktirajte nas","og_url":"https:\/\/frostina.rs\/en\/contact\/","og_site_name":"Frostina - Smrznuto voce i povrce","article_modified_time":"2025-05-21T14:53:08+00:00","twitter_card":"summary_large_image","twitter_misc":{"Estimated reading time":"1 minute"},"schema":{"@context":"https:\/\/schema.org","@graph":[{"@type":"WebPage","@id":"https:\/\/frostina.rs\/contact\/","url":"https:\/\/frostina.rs\/contact\/","name":"Kontakt - Frostina - Smrznuto voce i povrce","isPartOf":{"@id":"https:\/\/frostina.rs\/#website"},"datePublished":"2025-02-23T12:28:30+00:00","dateModified":"2025-05-21T14:53:08+00:00","breadcrumb":{"@id":"https:\/\/frostina.rs\/contact\/#breadcrumb"},"inLanguage":"en-GB","potentialAction":[{"@type":"ReadAction","target":["https:\/\/frostina.rs\/contact\/"]}]},{"@type":"BreadcrumbList","@id":"https:\/\/frostina.rs\/contact\/#breadcrumb","itemListElement":[{"@type":"ListItem","position":1,"name":"Home","item":"https:\/\/frostina.rs\/"},{"@type":"ListItem","position":2,"name":"Kontakt"}]},{"@type":"WebSite","@id":"https:\/\/frostina.rs\/#website","url":"https:\/\/frostina.rs\/","name":"Frostina - Smrznuto voce i povrce","description":"Frostina - Smrznuto voce i povrce prodaja","publisher":{"@id":"https:\/\/frostina.rs\/#organization"},"potentialAction":[{"@type":"SearchAction","target":{"@type":"EntryPoint","urlTemplate":"https:\/\/frostina.rs\/?s={search_term_string}"},"query-input":{"@type":"PropertyValueSpecification","valueRequired":true,"valueName":"search_term_string"}}],"inLanguage":"en-GB"},{"@type":"Organization","@id":"https:\/\/frostina.rs\/#organization","name":"Frostina - Smrznuto voce i povrce","url":"https:\/\/frostina.rs\/","logo":{"@type":"ImageObject","inLanguage":"en-GB","@id":"https:\/\/frostina.rs\/#\/schema\/logo\/image\/","url":"https:\/\/frostina.rs\/wp-content\/uploads\/2025\/02\/Pravugaonik-zeleni.png","contentUrl":"https:\/\/frostina.rs\/wp-content\/uploads\/2025\/02\/Pravugaonik-zeleni.png","width":5985,"height":1537,"caption":"Frostina - Smrznuto voce i povrce"},"image":{"@id":"https:\/\/frostina.rs\/#\/schema\/logo\/image\/"}}]}},"_links":{"self":[{"href":"https:\/\/frostina.rs\/en\/wp-json\/wp\/v2\/pages\/83","targetHints":{"allow":["GET"]}}],"collection":[{"href":"https:\/\/frostina.rs\/en\/wp-json\/wp\/v2\/pages"}],"about":[{"href":"https:\/\/frostina.rs\/en\/wp-json\/wp\/v2\/types\/page"}],"author":[{"embeddable":true,"href":"https:\/\/frostina.rs\/en\/wp-json\/wp\/v2\/users\/1"}],"replies":[{"embeddable":true,"href":"https:\/\/frostina.rs\/en\/wp-json\/wp\/v2\/comments?post=83"}],"version-history":[{"count":40,"href":"https:\/\/frostina.rs\/en\/wp-json\/wp\/v2\/pages\/83\/revisions"}],"predecessor-version":[{"id":621,"href":"https:\/\/frostina.rs\/en\/wp-json\/wp\/v2\/pages\/83\/revisions\/621"}],"wp:attachment":[{"href":"https:\/\/frostina.rs\/en\/wp-json\/wp\/v2\/media?parent=83"}],"curies":[{"name":"wp","href":"https:\/\/api.w.org\/{rel}","templated":true}]}}