{"id":81,"date":"2025-02-23T12:28:06","date_gmt":"2025-02-23T12:28:06","guid":{"rendered":"https:\/\/frostina.rs\/?page_id=81"},"modified":"2025-04-14T14:45:46","modified_gmt":"2025-04-14T14:45:46","slug":"about","status":"publish","type":"page","link":"https:\/\/frostina.rs\/en\/about\/","title":{"rendered":"About us"},"content":{"rendered":"<div data-elementor-type=\"wp-post\" data-elementor-id=\"81\" class=\"elementor elementor-81\" data-elementor-post-type=\"page\">\n\t\t\t\t<div class=\"elementor-element elementor-element-d56b025 e-flex e-con-boxed e-con e-parent\" data-id=\"d56b025\" data-element_type=\"container\" data-settings=\"{&quot;background_background&quot;:&quot;slideshow&quot;,&quot;shape_divider_bottom&quot;:&quot;waves&quot;,&quot;background_slideshow_gallery&quot;:[{&quot;id&quot;:366,&quot;url&quot;:&quot;https:\\\/\\\/frostina.rs\\\/wp-content\\\/uploads\\\/2025\\\/03\\\/Untitled-design-1.png&quot;}],&quot;background_slideshow_loop&quot;:&quot;yes&quot;,&quot;background_slideshow_slide_duration&quot;:5000,&quot;background_slideshow_slide_transition&quot;:&quot;fade&quot;,&quot;background_slideshow_transition_duration&quot;:500}\">\n\t\t\t\t\t<div class=\"e-con-inner\">\n\t\t\t\t<div class=\"elementor-shape elementor-shape-bottom\" aria-hidden=\"true\" data-negative=\"false\">\n\t\t\t<svg xmlns=\"http:\/\/www.w3.org\/2000\/svg\" viewbox=\"0 0 1000 100\" preserveaspectratio=\"none\">\n\t<path class=\"elementor-shape-fill\" d=\"M421.9,6.5c22.6-2.5,51.5,0.4,75.5,5.3c23.6,4.9,70.9,23.5,100.5,35.7c75.8,32.2,133.7,44.5,192.6,49.7\tc23.6,2.1,48.7,3.5,103.4-2.5c54.7-6,106.2-25.6,106.2-25.6V0H0v30.3c0,0,72,32.6,158.4,30.5c39.2-0.7,92.8-6.7,134-22.4\tc21.2-8.1,52.2-18.2,79.7-24.2C399.3,7.9,411.6,7.5,421.9,6.5z\"\/>\n<\/svg>\t\t<\/div>\n\t\t\t\t<div class=\"elementor-element elementor-element-5a2ddad elementor-widget elementor-widget-icon-box\" data-id=\"5a2ddad\" data-element_type=\"widget\" data-widget_type=\"icon-box.default\">\n\t\t\t\t<div class=\"elementor-widget-container\">\n\t\t\t\t\t\t\t<div class=\"elementor-icon-box-wrapper\">\n\n\t\t\t\n\t\t\t\t\t\t<div class=\"elementor-icon-box-content\">\n\n\t\t\t\t\t\t\t\t\t<h1 class=\"elementor-icon-box-title\">\n\t\t\t\t\t\t<span  >\n\t\t\t\t\t\t\tAbout Us\t\t\t\t\t\t<\/span>\n\t\t\t\t\t<\/h1>\n\t\t\t\t\n\t\t\t\t\t\t\t\t\t<p class=\"elementor-icon-box-description\">\n\t\t\t\t\t\tWith Frostina, freshness is always within reach!\nFast, practical and always high quality - just the way you like it!\t\t\t\t\t<\/p>\n\t\t\t\t\n\t\t\t<\/div>\n\t\t\t\n\t\t<\/div>\n\t\t\t\t\t\t<\/div>\n\t\t\t\t<\/div>\n\t\t<div class=\"elementor-element elementor-element-e811ca6 e-con-full e-flex e-con e-child\" data-id=\"e811ca6\" data-element_type=\"container\">\n\t\t\t\t<\/div>\n\t\t\t\t\t<\/div>\n\t\t\t\t<\/div>\n\t\t<div class=\"elementor-element elementor-element-cc72e52 e-flex e-con-boxed e-con e-parent\" data-id=\"cc72e52\" data-element_type=\"container\">\n\t\t\t\t\t<div class=\"e-con-inner\">\n\t\t<div class=\"elementor-element elementor-element-da1b6f7 e-con-full e-flex e-con e-child\" data-id=\"da1b6f7\" data-element_type=\"container\">\n\t\t\t\t<div class=\"elementor-element elementor-element-13bc424 elementor-widget elementor-widget-heading\" data-id=\"13bc424\" data-element_type=\"widget\" data-widget_type=\"heading.default\">\n\t\t\t\t<div class=\"elementor-widget-container\">\n\t\t\t\t\t<h2 class=\"elementor-heading-title elementor-size-default\">Taste the quality, meet Frostina<\/h2>\t\t\t\t<\/div>\n\t\t\t\t<\/div>\n\t\t\t\t<div class=\"elementor-element elementor-element-193d874 elementor-widget elementor-widget-heading\" data-id=\"193d874\" data-element_type=\"widget\" data-widget_type=\"heading.default\">\n\t\t\t\t<div class=\"elementor-widget-container\">\n\t\t\t\t\t<h3 class=\"elementor-heading-title elementor-size-default\">Our vision<\/h3>\t\t\t\t<\/div>\n\t\t\t\t<\/div>\n\t\t\t\t<div class=\"elementor-element elementor-element-d2bdc7d elementor-widget elementor-widget-spacer\" data-id=\"d2bdc7d\" data-element_type=\"widget\" data-widget_type=\"spacer.default\">\n\t\t\t\t<div class=\"elementor-widget-container\">\n\t\t\t\t\t\t\t<div class=\"elementor-spacer\">\n\t\t\t<div class=\"elementor-spacer-inner\"><\/div>\n\t\t<\/div>\n\t\t\t\t\t\t<\/div>\n\t\t\t\t<\/div>\n\t\t\t\t<div class=\"elementor-element elementor-element-093e9ec elementor-widget elementor-widget-text-editor\" data-id=\"093e9ec\" data-element_type=\"widget\" data-widget_type=\"text-editor.default\">\n\t\t\t\t<div class=\"elementor-widget-container\">\n\t\t\t\t\t\t\t\t\t<h5>At Frostina, we believe that frozen products can be synonymous with quality, freshness, and convenience. Our frozen foods, including carefully selected frozen fruits and vegetables, undergo strict quality controls to preserve their nutritional value and natural taste.<br \/>Whether you need a quick and easy way to prepare a healthy meal or premium ingredients for your favorite dishes, our products are the perfect choice. Using modern freezing methods, we ensure long-lasting freshness without additives or preservatives. Discover the best frozen fruits and vegetables that preserve nature in every bite!<\/h5>\t\t\t\t\t\t\t\t<\/div>\n\t\t\t\t<\/div>\n\t\t\t\t<\/div>\n\t\t<div class=\"elementor-element elementor-element-3745112 e-con-full e-flex e-con e-child\" data-id=\"3745112\" data-element_type=\"container\">\n\t\t\t\t<div class=\"elementor-element elementor-element-0a3e41a elementor-widget elementor-widget-heading\" data-id=\"0a3e41a\" data-element_type=\"widget\" data-widget_type=\"heading.default\">\n\t\t\t\t<div class=\"elementor-widget-container\">\n\t\t\t\t\t<h3 class=\"elementor-heading-title elementor-size-default\">Our mission<\/h3>\t\t\t\t<\/div>\n\t\t\t\t<\/div>\n\t\t\t\t<div class=\"elementor-element elementor-element-91dbf61 elementor-icon-list--layout-traditional elementor-list-item-link-full_width elementor-widget elementor-widget-icon-list\" data-id=\"91dbf61\" data-element_type=\"widget\" data-widget_type=\"icon-list.default\">\n\t\t\t\t<div class=\"elementor-widget-container\">\n\t\t\t\t\t\t\t<ul class=\"elementor-icon-list-items\">\n\t\t\t\t\t\t\t<li class=\"elementor-icon-list-item\">\n\t\t\t\t\t\t\t\t\t\t\t<span class=\"elementor-icon-list-icon\">\n\t\t\t\t\t\t\t<svg aria-hidden=\"true\" class=\"e-font-icon-svg e-far-arrow-alt-circle-right\" viewbox=\"0 0 512 512\" xmlns=\"http:\/\/www.w3.org\/2000\/svg\"><path d=\"M504 256C504 119 393 8 256 8S8 119 8 256s111 248 248 248 248-111 248-248zm-448 0c0-110.5 89.5-200 200-200s200 89.5 200 200-89.5 200-200 200S56 366.5 56 256zm72 20v-40c0-6.6 5.4-12 12-12h116v-67c0-10.7 12.9-16 20.5-8.5l99 99c4.7 4.7 4.7 12.3 0 17l-99 99c-7.6 7.6-20.5 2.2-20.5-8.5v-67H140c-6.6 0-12-5.4-12-12z\"><\/path><\/svg>\t\t\t\t\t\t<\/span>\n\t\t\t\t\t\t\t\t\t\t<span class=\"elementor-icon-list-text\">Premium quality at your fingertips<\/span>\n\t\t\t\t\t\t\t\t\t<\/li>\n\t\t\t\t\t\t\t\t<li class=\"elementor-icon-list-item\">\n\t\t\t\t\t\t\t\t\t\t\t<span class=\"elementor-icon-list-icon\">\n\t\t\t\t\t\t\t<svg aria-hidden=\"true\" class=\"e-font-icon-svg e-far-arrow-alt-circle-right\" viewbox=\"0 0 512 512\" xmlns=\"http:\/\/www.w3.org\/2000\/svg\"><path d=\"M504 256C504 119 393 8 256 8S8 119 8 256s111 248 248 248 248-111 248-248zm-448 0c0-110.5 89.5-200 200-200s200 89.5 200 200-89.5 200-200 200S56 366.5 56 256zm72 20v-40c0-6.6 5.4-12 12-12h116v-67c0-10.7 12.9-16 20.5-8.5l99 99c4.7 4.7 4.7 12.3 0 17l-99 99c-7.6 7.6-20.5 2.2-20.5-8.5v-67H140c-6.6 0-12-5.4-12-12z\"><\/path><\/svg>\t\t\t\t\t\t<\/span>\n\t\t\t\t\t\t\t\t\t\t<span class=\"elementor-icon-list-text\">Natural food without compromise<\/span>\n\t\t\t\t\t\t\t\t\t<\/li>\n\t\t\t\t\t\t\t\t<li class=\"elementor-icon-list-item\">\n\t\t\t\t\t\t\t\t\t\t\t<span class=\"elementor-icon-list-icon\">\n\t\t\t\t\t\t\t<svg aria-hidden=\"true\" class=\"e-font-icon-svg e-far-arrow-alt-circle-right\" viewbox=\"0 0 512 512\" xmlns=\"http:\/\/www.w3.org\/2000\/svg\"><path d=\"M504 256C504 119 393 8 256 8S8 119 8 256s111 248 248 248 248-111 248-248zm-448 0c0-110.5 89.5-200 200-200s200 89.5 200 200-89.5 200-200 200S56 366.5 56 256zm72 20v-40c0-6.6 5.4-12 12-12h116v-67c0-10.7 12.9-16 20.5-8.5l99 99c4.7 4.7 4.7 12.3 0 17l-99 99c-7.6 7.6-20.5 2.2-20.5-8.5v-67H140c-6.6 0-12-5.4-12-12z\"><\/path><\/svg>\t\t\t\t\t\t<\/span>\n\t\t\t\t\t\t\t\t\t\t<span class=\"elementor-icon-list-text\">Quick and easy preparation<\/span>\n\t\t\t\t\t\t\t\t\t<\/li>\n\t\t\t\t\t\t\t\t<li class=\"elementor-icon-list-item\">\n\t\t\t\t\t\t\t\t\t\t\t<span class=\"elementor-icon-list-icon\">\n\t\t\t\t\t\t\t<svg aria-hidden=\"true\" class=\"e-font-icon-svg e-far-arrow-alt-circle-right\" viewbox=\"0 0 512 512\" xmlns=\"http:\/\/www.w3.org\/2000\/svg\"><path d=\"M504 256C504 119 393 8 256 8S8 119 8 256s111 248 248 248 248-111 248-248zm-448 0c0-110.5 89.5-200 200-200s200 89.5 200 200-89.5 200-200 200S56 366.5 56 256zm72 20v-40c0-6.6 5.4-12 12-12h116v-67c0-10.7 12.9-16 20.5-8.5l99 99c4.7 4.7 4.7 12.3 0 17l-99 99c-7.6 7.6-20.5 2.2-20.5-8.5v-67H140c-6.6 0-12-5.4-12-12z\"><\/path><\/svg>\t\t\t\t\t\t<\/span>\n\t\t\t\t\t\t\t\t\t\t<span class=\"elementor-icon-list-text\">Commitment to sustainability <\/span>\n\t\t\t\t\t\t\t\t\t<\/li>\n\t\t\t\t\t\t<\/ul>\n\t\t\t\t\t\t<\/div>\n\t\t\t\t<\/div>\n\t\t<div class=\"elementor-element elementor-element-0a80da5 e-con-full e-flex e-con e-child\" data-id=\"0a80da5\" data-element_type=\"container\" data-settings=\"{&quot;background_background&quot;:&quot;slideshow&quot;,&quot;background_slideshow_gallery&quot;:[],&quot;background_slideshow_loop&quot;:&quot;yes&quot;,&quot;background_slideshow_slide_duration&quot;:5000,&quot;background_slideshow_slide_transition&quot;:&quot;fade&quot;,&quot;background_slideshow_transition_duration&quot;:500}\">\n\t\t\t\t<div class=\"elementor-element elementor-element-478cfda elementor-widget elementor-widget-image\" data-id=\"478cfda\" data-element_type=\"widget\" data-widget_type=\"image.default\">\n\t\t\t\t<div class=\"elementor-widget-container\">\n\t\t\t\t\t\t\t\t\t\t\t\t\t\t\t<img fetchpriority=\"high\" decoding=\"async\" width=\"800\" height=\"600\" src=\"https:\/\/frostina.rs\/wp-content\/uploads\/2025\/03\/1000008023-1024x768.jpg\" class=\"attachment-large size-large wp-image-441\" alt=\"\" srcset=\"https:\/\/frostina.rs\/wp-content\/uploads\/2025\/03\/1000008023-1024x768.jpg 1024w, https:\/\/frostina.rs\/wp-content\/uploads\/2025\/03\/1000008023-300x225.jpg 300w, https:\/\/frostina.rs\/wp-content\/uploads\/2025\/03\/1000008023-768x576.jpg 768w, https:\/\/frostina.rs\/wp-content\/uploads\/2025\/03\/1000008023-1536x1152.jpg 1536w, https:\/\/frostina.rs\/wp-content\/uploads\/2025\/03\/1000008023-2048x1536.jpg 2048w\" sizes=\"(max-width: 800px) 100vw, 800px\" \/>\t\t\t\t\t\t\t\t\t\t\t\t\t\t\t<\/div>\n\t\t\t\t<\/div>\n\t\t\t\t<\/div>\n\t\t\t\t<\/div>\n\t\t\t\t\t<\/div>\n\t\t\t\t<\/div>\n\t\t<div class=\"elementor-element elementor-element-6f63520 e-flex e-con-boxed e-con e-parent\" data-id=\"6f63520\" data-element_type=\"container\">\n\t\t\t\t\t<div class=\"e-con-inner\">\n\t\t\t\t<div class=\"elementor-element elementor-element-bf6db85 elementor-widget elementor-widget-spacer\" data-id=\"bf6db85\" data-element_type=\"widget\" data-widget_type=\"spacer.default\">\n\t\t\t\t<div class=\"elementor-widget-container\">\n\t\t\t\t\t\t\t<div class=\"elementor-spacer\">\n\t\t\t<div class=\"elementor-spacer-inner\"><\/div>\n\t\t<\/div>\n\t\t\t\t\t\t<\/div>\n\t\t\t\t<\/div>\n\t\t\t\t\t<\/div>\n\t\t\t\t<\/div>\n\t\t<div class=\"elementor-element elementor-element-3360b83 e-flex e-con-boxed e-con e-parent\" data-id=\"3360b83\" data-element_type=\"container\" data-settings=\"{&quot;background_background&quot;:&quot;gradient&quot;}\">\n\t\t\t\t\t<div class=\"e-con-inner\">\n\t\t<div class=\"elementor-element elementor-element-2f053a8 e-con-full e-flex e-con e-child\" data-id=\"2f053a8\" data-element_type=\"container\" data-settings=\"{&quot;background_background&quot;:&quot;gradient&quot;}\">\n\t\t<div class=\"elementor-element elementor-element-8f846a6 e-con-full e-flex e-con e-child\" data-id=\"8f846a6\" data-element_type=\"container\">\n\t\t\t\t<div class=\"elementor-element elementor-element-8da8994 elementor-widget elementor-widget-text-editor\" data-id=\"8da8994\" data-element_type=\"widget\" data-widget_type=\"text-editor.default\">\n\t\t\t\t<div class=\"elementor-widget-container\">\n\t\t\t\t\t\t\t\t\t<p><strong>Frostina D.O.O. was founded by combining the expertise of two renowned companies \u2013 Radi\u0161i\u0107 from Arilje, a trusted partner in the distribution of frozen fruit, and Delicatea, a leader in the distribution of cured meat products under the brand \"SUVO ZLATO.\" With the brand \"FROSTINA,\" our goal is to offer customers top-quality frozen fruits and vegetables sourced from local regions. Our high processing standards ensure the preservation of freshness, flavor, and nutritional value in every product.<\/strong><\/p>\t\t\t\t\t\t\t\t<\/div>\n\t\t\t\t<\/div>\n\t\t\t\t<\/div>\n\t\t\t\t<\/div>\n\t\t\t\t\t<\/div>\n\t\t\t\t<\/div>\n\t\t<div class=\"elementor-element elementor-element-dc3ac6d e-flex e-con-boxed e-con e-parent\" data-id=\"dc3ac6d\" data-element_type=\"container\">\n\t\t\t\t\t<div class=\"e-con-inner\">\n\t\t<div class=\"elementor-element elementor-element-f53d7f4 e-con-full e-flex e-con e-child\" data-id=\"f53d7f4\" data-element_type=\"container\">\n\t\t<div class=\"elementor-element elementor-element-f718aea e-con-full e-flex e-con e-child\" data-id=\"f718aea\" data-element_type=\"container\">\n\t\t\t\t<div class=\"elementor-element elementor-element-ebcd86d elementor-widget elementor-widget-image\" data-id=\"ebcd86d\" data-element_type=\"widget\" data-widget_type=\"image.default\">\n\t\t\t\t<div class=\"elementor-widget-container\">\n\t\t\t\t\t\t\t\t\t\t\t\t\t\t\t<img decoding=\"async\" width=\"579\" height=\"539\" src=\"https:\/\/frostina.rs\/wp-content\/uploads\/2025\/03\/HACCAP.png\" class=\"attachment-large size-large wp-image-397\" alt=\"\" srcset=\"https:\/\/frostina.rs\/wp-content\/uploads\/2025\/03\/HACCAP.png 579w, https:\/\/frostina.rs\/wp-content\/uploads\/2025\/03\/HACCAP-300x279.png 300w\" sizes=\"(max-width: 579px) 100vw, 579px\" \/>\t\t\t\t\t\t\t\t\t\t\t\t\t\t\t<\/div>\n\t\t\t\t<\/div>\n\t\t\t\t<\/div>\n\t\t<div class=\"elementor-element elementor-element-26a144b e-con-full e-flex e-con e-child\" data-id=\"26a144b\" data-element_type=\"container\">\n\t\t\t\t<div class=\"elementor-element elementor-element-31883d2 elementor-widget elementor-widget-heading\" data-id=\"31883d2\" data-element_type=\"widget\" data-widget_type=\"heading.default\">\n\t\t\t\t<div class=\"elementor-widget-container\">\n\t\t\t\t\t<h1 class=\"elementor-heading-title elementor-size-default\">Quality and certificates<\/h1>\t\t\t\t<\/div>\n\t\t\t\t<\/div>\n\t\t\t\t<div class=\"elementor-element elementor-element-48b0272 elementor-widget elementor-widget-text-editor\" data-id=\"48b0272\" data-element_type=\"widget\" data-widget_type=\"text-editor.default\">\n\t\t\t\t<div class=\"elementor-widget-container\">\n\t\t\t\t\t\t\t\t\t<p data-start=\"0\" data-end=\"245\">Our commitment to quality is confirmed by international certifications. We are proud to hold the HACCP (Hazard Analysis and Critical Control Point) certificate, which attests to our adherence to strict food safety and quality management standards.<\/p><p data-start=\"247\" data-end=\"542\">These certifications not only demonstrate our dedication to excellence but also provide our partners and consumers with confidence in the consistently high quality of our products. By paying close attention to every step of the production process, from sourcing to packaging, we ensure compliance with the most rigorous industry standards.<\/p><p data-start=\"544\" data-end=\"718\" data-is-last-node=\"\" data-is-only-node=\"\">Our goal is to continue improving our production and to introduce leading standards such as BRC (British Retail Consortium) and IFS (International Featured Standards) in the future.<\/p>\t\t\t\t\t\t\t\t<\/div>\n\t\t\t\t<\/div>\n\t\t\t\t<\/div>\n\t\t\t\t<\/div>\n\t\t\t\t\t<\/div>\n\t\t\t\t<\/div>\n\t\t<div class=\"elementor-element elementor-element-471c8b7 e-flex e-con-boxed e-con e-parent\" data-id=\"471c8b7\" data-element_type=\"container\">\n\t\t\t\t\t<div class=\"e-con-inner\">\n\t\t\t\t\t<\/div>\n\t\t\t\t<\/div>\n\t\t\t\t<\/div>","protected":false},"excerpt":{"rendered":"<p>O Nama Uz Frostinu, sve\u017eina je uvek na dohvat ruke! Brzo, prakti\u010dno i uvek kvalitetno \u2013 ba\u0161 onako kako volite! Okusi kvalitet, upoznaj Frostinu Na\u0161a vizija U Frostini verujemo da smrznuti proizvodi mogu biti sinonim za kvalitet, sve\u017einu i prakti\u010dnost. Na\u0161a smrznuta hrana, uklju\u010duju\u0107i pa\u017eljivo odabrano smrznuto vo\u0107e i povr\u0107e, prolazi kroz stroge kontrole kako [&hellip;]<\/p>","protected":false},"author":1,"featured_media":0,"parent":0,"menu_order":0,"comment_status":"closed","ping_status":"closed","template":"","meta":{"footnotes":""},"class_list":["post-81","page","type-page","status-publish","hentry"],"yoast_head":"<!-- This site is optimized with the Yoast SEO plugin v25.1 - https:\/\/yoast.com\/wordpress\/plugins\/seo\/ -->\n<title>O nama - Frostina - Smrznuto voce i povrce<\/title>\n<meta name=\"robots\" content=\"index, follow, max-snippet:-1, max-image-preview:large, max-video-preview:-1\" \/>\n<link rel=\"canonical\" href=\"https:\/\/frostina.rs\/en\/about\/\" \/>\n<meta property=\"og:locale\" content=\"en_GB\" \/>\n<meta property=\"og:type\" content=\"article\" \/>\n<meta property=\"og:title\" content=\"O nama - Frostina - Smrznuto voce i povrce\" \/>\n<meta property=\"og:description\" content=\"O Nama Uz Frostinu, sve\u017eina je uvek na dohvat ruke! Brzo, prakti\u010dno i uvek kvalitetno \u2013 ba\u0161 onako kako volite! Okusi kvalitet, upoznaj Frostinu Na\u0161a vizija U Frostini verujemo da smrznuti proizvodi mogu biti sinonim za kvalitet, sve\u017einu i prakti\u010dnost. Na\u0161a smrznuta hrana, uklju\u010duju\u0107i pa\u017eljivo odabrano smrznuto vo\u0107e i povr\u0107e, prolazi kroz stroge kontrole kako [&hellip;]\" \/>\n<meta property=\"og:url\" content=\"https:\/\/frostina.rs\/en\/about\/\" \/>\n<meta property=\"og:site_name\" content=\"Frostina - Smrznuto voce i povrce\" \/>\n<meta property=\"article:modified_time\" content=\"2025-04-14T14:45:46+00:00\" \/>\n<meta property=\"og:image\" content=\"https:\/\/frostina.rs\/wp-content\/uploads\/2025\/03\/1000008023-scaled.jpg\" \/>\n\t<meta property=\"og:image:width\" content=\"2560\" \/>\n\t<meta property=\"og:image:height\" content=\"1920\" \/>\n\t<meta property=\"og:image:type\" content=\"image\/jpeg\" \/>\n<meta name=\"twitter:card\" content=\"summary_large_image\" \/>\n<meta name=\"twitter:label1\" content=\"Estimated reading time\" \/>\n\t<meta name=\"twitter:data1\" content=\"2 minutes\" \/>\n<script type=\"application\/ld+json\" class=\"yoast-schema-graph\">{\"@context\":\"https:\/\/schema.org\",\"@graph\":[{\"@type\":\"WebPage\",\"@id\":\"https:\/\/frostina.rs\/about\/\",\"url\":\"https:\/\/frostina.rs\/about\/\",\"name\":\"O nama - Frostina - Smrznuto voce i povrce\",\"isPartOf\":{\"@id\":\"https:\/\/frostina.rs\/#website\"},\"primaryImageOfPage\":{\"@id\":\"https:\/\/frostina.rs\/about\/#primaryimage\"},\"image\":{\"@id\":\"https:\/\/frostina.rs\/about\/#primaryimage\"},\"thumbnailUrl\":\"https:\/\/frostina.rs\/wp-content\/uploads\/2025\/03\/1000008023-1024x768.jpg\",\"datePublished\":\"2025-02-23T12:28:06+00:00\",\"dateModified\":\"2025-04-14T14:45:46+00:00\",\"breadcrumb\":{\"@id\":\"https:\/\/frostina.rs\/about\/#breadcrumb\"},\"inLanguage\":\"en-GB\",\"potentialAction\":[{\"@type\":\"ReadAction\",\"target\":[\"https:\/\/frostina.rs\/about\/\"]}]},{\"@type\":\"ImageObject\",\"inLanguage\":\"en-GB\",\"@id\":\"https:\/\/frostina.rs\/about\/#primaryimage\",\"url\":\"https:\/\/frostina.rs\/wp-content\/uploads\/2025\/03\/1000008023-1024x768.jpg\",\"contentUrl\":\"https:\/\/frostina.rs\/wp-content\/uploads\/2025\/03\/1000008023-1024x768.jpg\"},{\"@type\":\"BreadcrumbList\",\"@id\":\"https:\/\/frostina.rs\/about\/#breadcrumb\",\"itemListElement\":[{\"@type\":\"ListItem\",\"position\":1,\"name\":\"Home\",\"item\":\"https:\/\/frostina.rs\/\"},{\"@type\":\"ListItem\",\"position\":2,\"name\":\"O nama\"}]},{\"@type\":\"WebSite\",\"@id\":\"https:\/\/frostina.rs\/#website\",\"url\":\"https:\/\/frostina.rs\/\",\"name\":\"Frostina - Smrznuto voce i povrce\",\"description\":\"Frostina - Smrznuto voce i povrce prodaja\",\"publisher\":{\"@id\":\"https:\/\/frostina.rs\/#organization\"},\"potentialAction\":[{\"@type\":\"SearchAction\",\"target\":{\"@type\":\"EntryPoint\",\"urlTemplate\":\"https:\/\/frostina.rs\/?s={search_term_string}\"},\"query-input\":{\"@type\":\"PropertyValueSpecification\",\"valueRequired\":true,\"valueName\":\"search_term_string\"}}],\"inLanguage\":\"en-GB\"},{\"@type\":\"Organization\",\"@id\":\"https:\/\/frostina.rs\/#organization\",\"name\":\"Frostina - Smrznuto voce i povrce\",\"url\":\"https:\/\/frostina.rs\/\",\"logo\":{\"@type\":\"ImageObject\",\"inLanguage\":\"en-GB\",\"@id\":\"https:\/\/frostina.rs\/#\/schema\/logo\/image\/\",\"url\":\"https:\/\/frostina.rs\/wp-content\/uploads\/2025\/02\/Pravugaonik-zeleni.png\",\"contentUrl\":\"https:\/\/frostina.rs\/wp-content\/uploads\/2025\/02\/Pravugaonik-zeleni.png\",\"width\":5985,\"height\":1537,\"caption\":\"Frostina - Smrznuto voce i povrce\"},\"image\":{\"@id\":\"https:\/\/frostina.rs\/#\/schema\/logo\/image\/\"}}]}<\/script>\n<!-- \/ Yoast SEO plugin. -->","yoast_head_json":{"title":"O nama - Frostina - Smrznuto voce i povrce","robots":{"index":"index","follow":"follow","max-snippet":"max-snippet:-1","max-image-preview":"max-image-preview:large","max-video-preview":"max-video-preview:-1"},"canonical":"https:\/\/frostina.rs\/en\/about\/","og_locale":"en_GB","og_type":"article","og_title":"O nama - Frostina - Smrznuto voce i povrce","og_description":"O Nama Uz Frostinu, sve\u017eina je uvek na dohvat ruke! Brzo, prakti\u010dno i uvek kvalitetno \u2013 ba\u0161 onako kako volite! Okusi kvalitet, upoznaj Frostinu Na\u0161a vizija U Frostini verujemo da smrznuti proizvodi mogu biti sinonim za kvalitet, sve\u017einu i prakti\u010dnost. Na\u0161a smrznuta hrana, uklju\u010duju\u0107i pa\u017eljivo odabrano smrznuto vo\u0107e i povr\u0107e, prolazi kroz stroge kontrole kako [&hellip;]","og_url":"https:\/\/frostina.rs\/en\/about\/","og_site_name":"Frostina - Smrznuto voce i povrce","article_modified_time":"2025-04-14T14:45:46+00:00","og_image":[{"width":2560,"height":1920,"url":"https:\/\/frostina.rs\/wp-content\/uploads\/2025\/03\/1000008023-scaled.jpg","type":"image\/jpeg"}],"twitter_card":"summary_large_image","twitter_misc":{"Estimated reading time":"2 minutes"},"schema":{"@context":"https:\/\/schema.org","@graph":[{"@type":"WebPage","@id":"https:\/\/frostina.rs\/about\/","url":"https:\/\/frostina.rs\/about\/","name":"O nama - Frostina - Smrznuto voce i povrce","isPartOf":{"@id":"https:\/\/frostina.rs\/#website"},"primaryImageOfPage":{"@id":"https:\/\/frostina.rs\/about\/#primaryimage"},"image":{"@id":"https:\/\/frostina.rs\/about\/#primaryimage"},"thumbnailUrl":"https:\/\/frostina.rs\/wp-content\/uploads\/2025\/03\/1000008023-1024x768.jpg","datePublished":"2025-02-23T12:28:06+00:00","dateModified":"2025-04-14T14:45:46+00:00","breadcrumb":{"@id":"https:\/\/frostina.rs\/about\/#breadcrumb"},"inLanguage":"en-GB","potentialAction":[{"@type":"ReadAction","target":["https:\/\/frostina.rs\/about\/"]}]},{"@type":"ImageObject","inLanguage":"en-GB","@id":"https:\/\/frostina.rs\/about\/#primaryimage","url":"https:\/\/frostina.rs\/wp-content\/uploads\/2025\/03\/1000008023-1024x768.jpg","contentUrl":"https:\/\/frostina.rs\/wp-content\/uploads\/2025\/03\/1000008023-1024x768.jpg"},{"@type":"BreadcrumbList","@id":"https:\/\/frostina.rs\/about\/#breadcrumb","itemListElement":[{"@type":"ListItem","position":1,"name":"Home","item":"https:\/\/frostina.rs\/"},{"@type":"ListItem","position":2,"name":"O nama"}]},{"@type":"WebSite","@id":"https:\/\/frostina.rs\/#website","url":"https:\/\/frostina.rs\/","name":"Frostina - Smrznuto voce i povrce","description":"Frostina - Smrznuto voce i povrce prodaja","publisher":{"@id":"https:\/\/frostina.rs\/#organization"},"potentialAction":[{"@type":"SearchAction","target":{"@type":"EntryPoint","urlTemplate":"https:\/\/frostina.rs\/?s={search_term_string}"},"query-input":{"@type":"PropertyValueSpecification","valueRequired":true,"valueName":"search_term_string"}}],"inLanguage":"en-GB"},{"@type":"Organization","@id":"https:\/\/frostina.rs\/#organization","name":"Frostina - Smrznuto voce i povrce","url":"https:\/\/frostina.rs\/","logo":{"@type":"ImageObject","inLanguage":"en-GB","@id":"https:\/\/frostina.rs\/#\/schema\/logo\/image\/","url":"https:\/\/frostina.rs\/wp-content\/uploads\/2025\/02\/Pravugaonik-zeleni.png","contentUrl":"https:\/\/frostina.rs\/wp-content\/uploads\/2025\/02\/Pravugaonik-zeleni.png","width":5985,"height":1537,"caption":"Frostina - Smrznuto voce i povrce"},"image":{"@id":"https:\/\/frostina.rs\/#\/schema\/logo\/image\/"}}]}},"_links":{"self":[{"href":"https:\/\/frostina.rs\/en\/wp-json\/wp\/v2\/pages\/81","targetHints":{"allow":["GET"]}}],"collection":[{"href":"https:\/\/frostina.rs\/en\/wp-json\/wp\/v2\/pages"}],"about":[{"href":"https:\/\/frostina.rs\/en\/wp-json\/wp\/v2\/types\/page"}],"author":[{"embeddable":true,"href":"https:\/\/frostina.rs\/en\/wp-json\/wp\/v2\/users\/1"}],"replies":[{"embeddable":true,"href":"https:\/\/frostina.rs\/en\/wp-json\/wp\/v2\/comments?post=81"}],"version-history":[{"count":60,"href":"https:\/\/frostina.rs\/en\/wp-json\/wp\/v2\/pages\/81\/revisions"}],"predecessor-version":[{"id":473,"href":"https:\/\/frostina.rs\/en\/wp-json\/wp\/v2\/pages\/81\/revisions\/473"}],"wp:attachment":[{"href":"https:\/\/frostina.rs\/en\/wp-json\/wp\/v2\/media?parent=81"}],"curies":[{"name":"wp","href":"https:\/\/api.w.org\/{rel}","templated":true}]}}